{"id":9345,"date":"2025-07-16T13:45:55","date_gmt":"2025-07-16T11:45:55","guid":{"rendered":"https:\/\/www.unirsm.sm\/shortmaster-storia-letteratura-latina\/?page_id=9345"},"modified":"2025-07-16T13:45:55","modified_gmt":"2025-07-16T11:45:55","slug":"didattica","status":"publish","type":"page","link":"https:\/\/www.unirsm.sm\/caf-storia-letteratura-latina\/didattica\/","title":{"rendered":"Didattica"},"content":{"rendered":"","protected":false},"excerpt":{"rendered":"","protected":false},"author":14,"featured_media":0,"parent":0,"menu_order":0,"comment_status":"closed","ping_status":"closed","template":"","meta":{"_acf_changed":false,"footnotes":""},"class_list":["post-9345","page","type-page","status-publish","hentry"],"acf":[],"yoast_head":"<!-- This site is optimized with the Yoast SEO plugin v27.4 - https:\/\/yoast.com\/product\/yoast-seo-wordpress\/ -->\n<title>Didattica | Storia e letteratura della tarda antichit\u00e0 latina<\/title>\n<meta name=\"description\" content=\"Didattica del Corso di Storia e letteratura della tarda antichit\u00e0 latina. Scopri di pi\u00f9!\" \/>\n<meta name=\"robots\" content=\"index, follow, max-snippet:-1, max-image-preview:large, max-video-preview:-1\" \/>\n<link rel=\"canonical\" href=\"https:\/\/www.unirsm.sm\/caf-storia-letteratura-latina\/didattica\/\" \/>\n<meta property=\"og:locale\" content=\"it_IT\" \/>\n<meta property=\"og:type\" content=\"article\" \/>\n<meta property=\"og:title\" content=\"Didattica | Storia e letteratura della tarda antichit\u00e0 latina\" \/>\n<meta property=\"og:description\" content=\"Didattica del Corso di Storia e letteratura della tarda antichit\u00e0 latina. Scopri di pi\u00f9!\" \/>\n<meta property=\"og:url\" content=\"https:\/\/www.unirsm.sm\/caf-storia-letteratura-latina\/didattica\/\" \/>\n<meta property=\"og:site_name\" content=\"Storia e letteratura della tarda antichit\u00e0 latina\" \/>\n<meta name=\"twitter:card\" content=\"summary_large_image\" \/>\n<script type=\"application\/ld+json\" class=\"yoast-schema-graph\">{\"@context\":\"https:\\\/\\\/schema.org\",\"@graph\":[{\"@type\":\"WebPage\",\"@id\":\"https:\\\/\\\/www.unirsm.sm\\\/caf-storia-letteratura-latina\\\/didattica\\\/\",\"url\":\"https:\\\/\\\/www.unirsm.sm\\\/caf-storia-letteratura-latina\\\/didattica\\\/\",\"name\":\"Didattica | Storia e letteratura della tarda antichit\u00e0 latina\",\"isPartOf\":{\"@id\":\"https:\\\/\\\/www.unirsm.sm\\\/caf-storia-letteratura-latina\\\/#website\"},\"datePublished\":\"2025-07-16T11:45:55+00:00\",\"description\":\"Didattica del Corso di Storia e letteratura della tarda antichit\u00e0 latina. Scopri di pi\u00f9!\",\"breadcrumb\":{\"@id\":\"https:\\\/\\\/www.unirsm.sm\\\/caf-storia-letteratura-latina\\\/didattica\\\/#breadcrumb\"},\"inLanguage\":\"it-IT\",\"potentialAction\":[{\"@type\":\"ReadAction\",\"target\":[\"https:\\\/\\\/www.unirsm.sm\\\/caf-storia-letteratura-latina\\\/didattica\\\/\"]}]},{\"@type\":\"BreadcrumbList\",\"@id\":\"https:\\\/\\\/www.unirsm.sm\\\/caf-storia-letteratura-latina\\\/didattica\\\/#breadcrumb\",\"itemListElement\":[{\"@type\":\"ListItem\",\"position\":1,\"name\":\"Home\",\"item\":\"https:\\\/\\\/www.unirsm.sm\\\/caf-storia-letteratura-latina\\\/\"},{\"@type\":\"ListItem\",\"position\":2,\"name\":\"Didattica\"}]},{\"@type\":\"WebSite\",\"@id\":\"https:\\\/\\\/www.unirsm.sm\\\/caf-storia-letteratura-latina\\\/#website\",\"url\":\"https:\\\/\\\/www.unirsm.sm\\\/caf-storia-letteratura-latina\\\/\",\"name\":\"Storia e letteratura della tarda antichit\u00e0 latina\",\"description\":\"Ecco un altro sito UNIRSM network\",\"potentialAction\":[{\"@type\":\"SearchAction\",\"target\":{\"@type\":\"EntryPoint\",\"urlTemplate\":\"https:\\\/\\\/www.unirsm.sm\\\/caf-storia-letteratura-latina\\\/?s={search_term_string}\"},\"query-input\":{\"@type\":\"PropertyValueSpecification\",\"valueRequired\":true,\"valueName\":\"search_term_string\"}}],\"inLanguage\":\"it-IT\"}]}<\/script>\n<!-- \/ Yoast SEO plugin. -->","yoast_head_json":{"title":"Didattica | Storia e letteratura della tarda antichit\u00e0 latina","description":"Didattica del Corso di Storia e letteratura della tarda antichit\u00e0 latina. Scopri di pi\u00f9!","robots":{"index":"index","follow":"follow","max-snippet":"max-snippet:-1","max-image-preview":"max-image-preview:large","max-video-preview":"max-video-preview:-1"},"canonical":"https:\/\/www.unirsm.sm\/caf-storia-letteratura-latina\/didattica\/","og_locale":"it_IT","og_type":"article","og_title":"Didattica | Storia e letteratura della tarda antichit\u00e0 latina","og_description":"Didattica del Corso di Storia e letteratura della tarda antichit\u00e0 latina. Scopri di pi\u00f9!","og_url":"https:\/\/www.unirsm.sm\/caf-storia-letteratura-latina\/didattica\/","og_site_name":"Storia e letteratura della tarda antichit\u00e0 latina","twitter_card":"summary_large_image","schema":{"@context":"https:\/\/schema.org","@graph":[{"@type":"WebPage","@id":"https:\/\/www.unirsm.sm\/caf-storia-letteratura-latina\/didattica\/","url":"https:\/\/www.unirsm.sm\/caf-storia-letteratura-latina\/didattica\/","name":"Didattica | Storia e letteratura della tarda antichit\u00e0 latina","isPartOf":{"@id":"https:\/\/www.unirsm.sm\/caf-storia-letteratura-latina\/#website"},"datePublished":"2025-07-16T11:45:55+00:00","description":"Didattica del Corso di Storia e letteratura della tarda antichit\u00e0 latina. Scopri di pi\u00f9!","breadcrumb":{"@id":"https:\/\/www.unirsm.sm\/caf-storia-letteratura-latina\/didattica\/#breadcrumb"},"inLanguage":"it-IT","potentialAction":[{"@type":"ReadAction","target":["https:\/\/www.unirsm.sm\/caf-storia-letteratura-latina\/didattica\/"]}]},{"@type":"BreadcrumbList","@id":"https:\/\/www.unirsm.sm\/caf-storia-letteratura-latina\/didattica\/#breadcrumb","itemListElement":[{"@type":"ListItem","position":1,"name":"Home","item":"https:\/\/www.unirsm.sm\/caf-storia-letteratura-latina\/"},{"@type":"ListItem","position":2,"name":"Didattica"}]},{"@type":"WebSite","@id":"https:\/\/www.unirsm.sm\/caf-storia-letteratura-latina\/#website","url":"https:\/\/www.unirsm.sm\/caf-storia-letteratura-latina\/","name":"Storia e letteratura della tarda antichit\u00e0 latina","description":"Ecco un altro sito UNIRSM network","potentialAction":[{"@type":"SearchAction","target":{"@type":"EntryPoint","urlTemplate":"https:\/\/www.unirsm.sm\/caf-storia-letteratura-latina\/?s={search_term_string}"},"query-input":{"@type":"PropertyValueSpecification","valueRequired":true,"valueName":"search_term_string"}}],"inLanguage":"it-IT"}]}},"_links":{"self":[{"href":"https:\/\/www.unirsm.sm\/caf-storia-letteratura-latina\/wp-json\/wp\/v2\/pages\/9345","targetHints":{"allow":["GET"]}}],"collection":[{"href":"https:\/\/www.unirsm.sm\/caf-storia-letteratura-latina\/wp-json\/wp\/v2\/pages"}],"about":[{"href":"https:\/\/www.unirsm.sm\/caf-storia-letteratura-latina\/wp-json\/wp\/v2\/types\/page"}],"author":[{"embeddable":true,"href":"https:\/\/www.unirsm.sm\/caf-storia-letteratura-latina\/wp-json\/wp\/v2\/users\/14"}],"replies":[{"embeddable":true,"href":"https:\/\/www.unirsm.sm\/caf-storia-letteratura-latina\/wp-json\/wp\/v2\/comments?post=9345"}],"version-history":[{"count":1,"href":"https:\/\/www.unirsm.sm\/caf-storia-letteratura-latina\/wp-json\/wp\/v2\/pages\/9345\/revisions"}],"predecessor-version":[{"id":9346,"href":"https:\/\/www.unirsm.sm\/caf-storia-letteratura-latina\/wp-json\/wp\/v2\/pages\/9345\/revisions\/9346"}],"wp:attachment":[{"href":"https:\/\/www.unirsm.sm\/caf-storia-letteratura-latina\/wp-json\/wp\/v2\/media?parent=9345"}],"curies":[{"name":"wp","href":"https:\/\/api.w.org\/{rel}","templated":true}]}}