{"id":8171,"date":"2025-02-24T10:18:51","date_gmt":"2025-02-24T09:18:51","guid":{"rendered":"https:\/\/www.unirsm.sm\/dipartimento-scienze-umane\/?page_id=8171"},"modified":"2025-02-24T10:21:30","modified_gmt":"2025-02-24T09:21:30","slug":"attivita-terza-missione","status":"publish","type":"page","link":"https:\/\/www.unirsm.sm\/dipartimento-scienze-umane\/terza-missione\/attivita-terza-missione\/","title":{"rendered":"Attivit\u00e0 di Terza Missione"},"content":{"rendered":"","protected":false},"excerpt":{"rendered":"","protected":false},"author":40,"featured_media":0,"parent":6322,"menu_order":0,"comment_status":"closed","ping_status":"closed","template":"page-templates\/template-third-mission-activities.php","meta":{"_acf_changed":false,"footnotes":""},"class_list":["post-8171","page","type-page","status-publish","hentry"],"acf":[],"yoast_head":"<!-- This site is optimized with the Yoast SEO plugin v27.3 - https:\/\/yoast.com\/product\/yoast-seo-wordpress\/ -->\n<title>Attivit\u00e0 di Terza Missione | Dipartimento di Scienze Umane<\/title>\n<meta name=\"description\" content=\"Attivit\u00e0 di Terza Missione del Dipartimento di Scienze Umane. Scopri di pi\u00f9!\" \/>\n<meta name=\"robots\" content=\"index, follow, max-snippet:-1, max-image-preview:large, max-video-preview:-1\" \/>\n<link rel=\"canonical\" href=\"https:\/\/www.unirsm.sm\/dipartimento-scienze-umane\/terza-missione\/attivita-terza-missione\/\" \/>\n<meta property=\"og:locale\" content=\"it_IT\" \/>\n<meta property=\"og:type\" content=\"article\" \/>\n<meta property=\"og:title\" content=\"Attivit\u00e0 di Terza Missione | Dipartimento di Scienze Umane\" \/>\n<meta property=\"og:description\" content=\"Attivit\u00e0 di Terza Missione del Dipartimento di Scienze Umane. Scopri di pi\u00f9!\" \/>\n<meta property=\"og:url\" content=\"https:\/\/www.unirsm.sm\/dipartimento-scienze-umane\/terza-missione\/attivita-terza-missione\/\" \/>\n<meta property=\"og:site_name\" content=\"Dipartimento di Scienze Umane\" \/>\n<meta property=\"article:modified_time\" content=\"2025-02-24T09:21:30+00:00\" \/>\n<meta name=\"twitter:card\" content=\"summary_large_image\" \/>\n<script type=\"application\/ld+json\" class=\"yoast-schema-graph\">{\"@context\":\"https:\\\/\\\/schema.org\",\"@graph\":[{\"@type\":\"WebPage\",\"@id\":\"https:\\\/\\\/www.unirsm.sm\\\/dipartimento-scienze-umane\\\/terza-missione\\\/attivita-terza-missione\\\/\",\"url\":\"https:\\\/\\\/www.unirsm.sm\\\/dipartimento-scienze-umane\\\/terza-missione\\\/attivita-terza-missione\\\/\",\"name\":\"Attivit\u00e0 di Terza Missione | Dipartimento di Scienze Umane\",\"isPartOf\":{\"@id\":\"https:\\\/\\\/www.unirsm.sm\\\/dipartimento-scienze-umane\\\/#website\"},\"datePublished\":\"2025-02-24T09:18:51+00:00\",\"dateModified\":\"2025-02-24T09:21:30+00:00\",\"description\":\"Attivit\u00e0 di Terza Missione del Dipartimento di Scienze Umane. Scopri di pi\u00f9!\",\"breadcrumb\":{\"@id\":\"https:\\\/\\\/www.unirsm.sm\\\/dipartimento-scienze-umane\\\/terza-missione\\\/attivita-terza-missione\\\/#breadcrumb\"},\"inLanguage\":\"it-IT\",\"potentialAction\":[{\"@type\":\"ReadAction\",\"target\":[\"https:\\\/\\\/www.unirsm.sm\\\/dipartimento-scienze-umane\\\/terza-missione\\\/attivita-terza-missione\\\/\"]}]},{\"@type\":\"BreadcrumbList\",\"@id\":\"https:\\\/\\\/www.unirsm.sm\\\/dipartimento-scienze-umane\\\/terza-missione\\\/attivita-terza-missione\\\/#breadcrumb\",\"itemListElement\":[{\"@type\":\"ListItem\",\"position\":1,\"name\":\"Home\",\"item\":\"https:\\\/\\\/www.unirsm.sm\\\/dipartimento-scienze-umane\\\/\"},{\"@type\":\"ListItem\",\"position\":2,\"name\":\"Terza Missione\",\"item\":\"https:\\\/\\\/www.unirsm.sm\\\/dipartimento-scienze-umane\\\/terza-missione\\\/\"},{\"@type\":\"ListItem\",\"position\":3,\"name\":\"Attivit\u00e0 di Terza Missione\"}]},{\"@type\":\"WebSite\",\"@id\":\"https:\\\/\\\/www.unirsm.sm\\\/dipartimento-scienze-umane\\\/#website\",\"url\":\"https:\\\/\\\/www.unirsm.sm\\\/dipartimento-scienze-umane\\\/\",\"name\":\"Dipartimento di Scienze Umane\",\"description\":\"Dipartimento di Scienze Umane\",\"potentialAction\":[{\"@type\":\"SearchAction\",\"target\":{\"@type\":\"EntryPoint\",\"urlTemplate\":\"https:\\\/\\\/www.unirsm.sm\\\/dipartimento-scienze-umane\\\/?s={search_term_string}\"},\"query-input\":{\"@type\":\"PropertyValueSpecification\",\"valueRequired\":true,\"valueName\":\"search_term_string\"}}],\"inLanguage\":\"it-IT\"}]}<\/script>\n<!-- \/ Yoast SEO plugin. -->","yoast_head_json":{"title":"Attivit\u00e0 di Terza Missione | Dipartimento di Scienze Umane","description":"Attivit\u00e0 di Terza Missione del Dipartimento di Scienze Umane. Scopri di pi\u00f9!","robots":{"index":"index","follow":"follow","max-snippet":"max-snippet:-1","max-image-preview":"max-image-preview:large","max-video-preview":"max-video-preview:-1"},"canonical":"https:\/\/www.unirsm.sm\/dipartimento-scienze-umane\/terza-missione\/attivita-terza-missione\/","og_locale":"it_IT","og_type":"article","og_title":"Attivit\u00e0 di Terza Missione | Dipartimento di Scienze Umane","og_description":"Attivit\u00e0 di Terza Missione del Dipartimento di Scienze Umane. Scopri di pi\u00f9!","og_url":"https:\/\/www.unirsm.sm\/dipartimento-scienze-umane\/terza-missione\/attivita-terza-missione\/","og_site_name":"Dipartimento di Scienze Umane","article_modified_time":"2025-02-24T09:21:30+00:00","twitter_card":"summary_large_image","schema":{"@context":"https:\/\/schema.org","@graph":[{"@type":"WebPage","@id":"https:\/\/www.unirsm.sm\/dipartimento-scienze-umane\/terza-missione\/attivita-terza-missione\/","url":"https:\/\/www.unirsm.sm\/dipartimento-scienze-umane\/terza-missione\/attivita-terza-missione\/","name":"Attivit\u00e0 di Terza Missione | Dipartimento di Scienze Umane","isPartOf":{"@id":"https:\/\/www.unirsm.sm\/dipartimento-scienze-umane\/#website"},"datePublished":"2025-02-24T09:18:51+00:00","dateModified":"2025-02-24T09:21:30+00:00","description":"Attivit\u00e0 di Terza Missione del Dipartimento di Scienze Umane. Scopri di pi\u00f9!","breadcrumb":{"@id":"https:\/\/www.unirsm.sm\/dipartimento-scienze-umane\/terza-missione\/attivita-terza-missione\/#breadcrumb"},"inLanguage":"it-IT","potentialAction":[{"@type":"ReadAction","target":["https:\/\/www.unirsm.sm\/dipartimento-scienze-umane\/terza-missione\/attivita-terza-missione\/"]}]},{"@type":"BreadcrumbList","@id":"https:\/\/www.unirsm.sm\/dipartimento-scienze-umane\/terza-missione\/attivita-terza-missione\/#breadcrumb","itemListElement":[{"@type":"ListItem","position":1,"name":"Home","item":"https:\/\/www.unirsm.sm\/dipartimento-scienze-umane\/"},{"@type":"ListItem","position":2,"name":"Terza Missione","item":"https:\/\/www.unirsm.sm\/dipartimento-scienze-umane\/terza-missione\/"},{"@type":"ListItem","position":3,"name":"Attivit\u00e0 di Terza Missione"}]},{"@type":"WebSite","@id":"https:\/\/www.unirsm.sm\/dipartimento-scienze-umane\/#website","url":"https:\/\/www.unirsm.sm\/dipartimento-scienze-umane\/","name":"Dipartimento di Scienze Umane","description":"Dipartimento di Scienze Umane","potentialAction":[{"@type":"SearchAction","target":{"@type":"EntryPoint","urlTemplate":"https:\/\/www.unirsm.sm\/dipartimento-scienze-umane\/?s={search_term_string}"},"query-input":{"@type":"PropertyValueSpecification","valueRequired":true,"valueName":"search_term_string"}}],"inLanguage":"it-IT"}]}},"_links":{"self":[{"href":"https:\/\/www.unirsm.sm\/dipartimento-scienze-umane\/wp-json\/wp\/v2\/pages\/8171","targetHints":{"allow":["GET"]}}],"collection":[{"href":"https:\/\/www.unirsm.sm\/dipartimento-scienze-umane\/wp-json\/wp\/v2\/pages"}],"about":[{"href":"https:\/\/www.unirsm.sm\/dipartimento-scienze-umane\/wp-json\/wp\/v2\/types\/page"}],"author":[{"embeddable":true,"href":"https:\/\/www.unirsm.sm\/dipartimento-scienze-umane\/wp-json\/wp\/v2\/users\/40"}],"replies":[{"embeddable":true,"href":"https:\/\/www.unirsm.sm\/dipartimento-scienze-umane\/wp-json\/wp\/v2\/comments?post=8171"}],"version-history":[{"count":2,"href":"https:\/\/www.unirsm.sm\/dipartimento-scienze-umane\/wp-json\/wp\/v2\/pages\/8171\/revisions"}],"predecessor-version":[{"id":8374,"href":"https:\/\/www.unirsm.sm\/dipartimento-scienze-umane\/wp-json\/wp\/v2\/pages\/8171\/revisions\/8374"}],"up":[{"embeddable":true,"href":"https:\/\/www.unirsm.sm\/dipartimento-scienze-umane\/wp-json\/wp\/v2\/pages\/6322"}],"wp:attachment":[{"href":"https:\/\/www.unirsm.sm\/dipartimento-scienze-umane\/wp-json\/wp\/v2\/media?parent=8171"}],"curies":[{"name":"wp","href":"https:\/\/api.w.org\/{rel}","templated":true}]}}